{"id":44879,"date":"2023-09-26T19:45:48","date_gmt":"2023-09-26T19:45:48","guid":{"rendered":"https:\/\/santakoblues.com\/fest\/?page_id=44879"},"modified":"2026-02-11T19:36:48","modified_gmt":"2026-02-11T19:36:48","slug":"quien-somos","status":"publish","type":"page","link":"https:\/\/santakoblues.com\/fest\/quien-somos\/","title":{"rendered":"Qui\u00e9n Somos"},"content":{"rendered":"\t\t<div data-elementor-type=\"wp-page\" data-elementor-id=\"44879\" class=\"elementor elementor-44879\">\n\t\t\t\t\t\t<section class=\"elementor-section elementor-top-section elementor-element elementor-element-2ce90d7e elementor-section-content-middle scheme_light elementor-section-boxed elementor-section-height-default elementor-section-height-default sc_fly_static\" data-id=\"2ce90d7e\" data-element_type=\"section\" data-e-type=\"section\" data-settings=\"{&quot;background_background&quot;:&quot;classic&quot;}\">\n\t\t\t\t\t\t<div class=\"elementor-container elementor-column-gap-no\">\n\t\t\t\t\t<div class=\"elementor-column elementor-col-50 elementor-top-column elementor-element elementor-element-2c386fa1 sc_content_align_inherit sc_layouts_column_icons_position_left sc_fly_static\" data-id=\"2c386fa1\" data-element_type=\"column\" data-e-type=\"column\" data-settings=\"{&quot;background_background&quot;:&quot;classic&quot;}\">\n\t\t\t<div class=\"elementor-widget-wrap elementor-element-populated\">\n\t\t\t\t\t\t<div class=\"elementor-element elementor-element-c27a55c sc_height_tiny sc_fly_static elementor-widget elementor-widget-spacer\" data-id=\"c27a55c\" data-element_type=\"widget\" data-e-type=\"widget\" data-widget_type=\"spacer.default\">\n\t\t\t\t<div class=\"elementor-widget-container\">\n\t\t\t\t\t\t\t<div class=\"elementor-spacer\">\n\t\t\t<div class=\"elementor-spacer-inner\"><\/div>\n\t\t<\/div>\n\t\t\t\t\t\t<\/div>\n\t\t\t\t<\/div>\n\t\t\t\t<div class=\"elementor-element elementor-element-c250499 elementor-arrows-position-inside elementor-pagination-position-outside sc_fly_static elementor-widget elementor-widget-image-carousel\" data-id=\"c250499\" data-element_type=\"widget\" data-e-type=\"widget\" data-settings=\"{&quot;slides_to_show&quot;:&quot;1&quot;,&quot;navigation&quot;:&quot;both&quot;,&quot;autoplay&quot;:&quot;yes&quot;,&quot;pause_on_hover&quot;:&quot;yes&quot;,&quot;pause_on_interaction&quot;:&quot;yes&quot;,&quot;autoplay_speed&quot;:5000,&quot;infinite&quot;:&quot;yes&quot;,&quot;effect&quot;:&quot;slide&quot;,&quot;speed&quot;:500}\" data-widget_type=\"image-carousel.default\">\n\t\t\t\t<div class=\"elementor-widget-container\">\n\t\t\t\t\t\t\t<div class=\"elementor-image-carousel-wrapper swiper\" role=\"region\" aria-roledescription=\"carousel\" aria-label=\"Carrusel de im\u00e1genes\" dir=\"ltr\">\n\t\t\t<div class=\"elementor-image-carousel swiper-wrapper swiper-image-stretch\" aria-live=\"off\">\n\t\t\t\t\t\t\t\t<div class=\"swiper-slide\" role=\"group\" aria-roledescription=\"slide\" aria-label=\"1 de 14\"><figure class=\"swiper-slide-inner\"><img decoding=\"async\" class=\"swiper-slide-image\" src=\"https:\/\/santakoblues.com\/fest\/wp-content\/uploads\/2024\/12\/SANTAKO-BLUES-768x512.jpg\" alt=\"Santako Blues\" \/><\/figure><\/div><div class=\"swiper-slide\" role=\"group\" aria-roledescription=\"slide\" aria-label=\"2 de 14\"><figure class=\"swiper-slide-inner\"><img decoding=\"async\" class=\"swiper-slide-image\" src=\"https:\/\/santakoblues.com\/fest\/wp-content\/uploads\/2025\/01\/87210526_10221185297292340_1167408704174161920_n-768x512.jpg\" alt=\"Santako Blues\" \/><\/figure><\/div><div class=\"swiper-slide\" role=\"group\" aria-roledescription=\"slide\" aria-label=\"3 de 14\"><figure class=\"swiper-slide-inner\"><img decoding=\"async\" class=\"swiper-slide-image\" src=\"https:\/\/santakoblues.com\/fest\/wp-content\/uploads\/2025\/01\/59560828_1072684992940783_7314639071014289408_n-768x513.jpg\" alt=\"Santako Blues\" \/><\/figure><\/div><div class=\"swiper-slide\" role=\"group\" aria-roledescription=\"slide\" aria-label=\"4 de 14\"><figure class=\"swiper-slide-inner\"><img decoding=\"async\" class=\"swiper-slide-image\" src=\"https:\/\/santakoblues.com\/fest\/wp-content\/uploads\/2025\/01\/86383754_169602511132919_2658306970624196608_n-768x576.jpg\" alt=\"Santako Blues\" \/><\/figure><\/div><div class=\"swiper-slide\" role=\"group\" aria-roledescription=\"slide\" aria-label=\"5 de 14\"><figure class=\"swiper-slide-inner\"><img decoding=\"async\" class=\"swiper-slide-image\" src=\"https:\/\/santakoblues.com\/fest\/wp-content\/uploads\/2025\/01\/87857640_3102128646465594_4618478345997254656_n-768x512.jpg\" alt=\"Santako Blues\" \/><\/figure><\/div><div class=\"swiper-slide\" role=\"group\" aria-roledescription=\"slide\" aria-label=\"6 de 14\"><figure class=\"swiper-slide-inner\"><img decoding=\"async\" class=\"swiper-slide-image\" src=\"https:\/\/santakoblues.com\/fest\/wp-content\/uploads\/2025\/01\/86206323_10221078424380584_3350840708750639104_n-768x512.jpg\" alt=\"Santako Blues\" \/><\/figure><\/div><div class=\"swiper-slide\" role=\"group\" aria-roledescription=\"slide\" aria-label=\"7 de 14\"><figure class=\"swiper-slide-inner\"><img decoding=\"async\" class=\"swiper-slide-image\" src=\"https:\/\/santakoblues.com\/fest\/wp-content\/uploads\/2025\/01\/326861557_2070919836440095_1244329408432349385_n-768x512.jpg\" alt=\"Santako Blues\" \/><\/figure><\/div><div class=\"swiper-slide\" role=\"group\" aria-roledescription=\"slide\" aria-label=\"8 de 14\"><figure class=\"swiper-slide-inner\"><img decoding=\"async\" class=\"swiper-slide-image\" src=\"https:\/\/santakoblues.com\/fest\/wp-content\/uploads\/2025\/01\/283934302_10227339856112464_7088925399221935892_n-768x512.jpg\" alt=\"Santako Blues\" \/><\/figure><\/div><div class=\"swiper-slide\" role=\"group\" aria-roledescription=\"slide\" aria-label=\"9 de 14\"><figure class=\"swiper-slide-inner\"><img decoding=\"async\" class=\"swiper-slide-image\" src=\"https:\/\/santakoblues.com\/fest\/wp-content\/uploads\/2025\/01\/417432249_10227704487791014_2187119709332277916_n-768x512.jpg\" alt=\"Santako Blues\" \/><\/figure><\/div><div class=\"swiper-slide\" role=\"group\" aria-roledescription=\"slide\" aria-label=\"10 de 14\"><figure class=\"swiper-slide-inner\"><img decoding=\"async\" class=\"swiper-slide-image\" src=\"https:\/\/santakoblues.com\/fest\/wp-content\/uploads\/2025\/01\/471614198_577717071550733_1750867627034608654_n-768x512.jpg\" alt=\"Santako Blues\" \/><\/figure><\/div><div class=\"swiper-slide\" role=\"group\" aria-roledescription=\"slide\" aria-label=\"11 de 14\"><figure class=\"swiper-slide-inner\"><img decoding=\"async\" class=\"swiper-slide-image\" src=\"https:\/\/santakoblues.com\/fest\/wp-content\/uploads\/2025\/01\/470137924_1307565880669904_2121167876006290221_n-768x511.jpg\" alt=\"Santako Blues\" \/><\/figure><\/div><div class=\"swiper-slide\" role=\"group\" aria-roledescription=\"slide\" aria-label=\"12 de 14\"><figure class=\"swiper-slide-inner\"><img decoding=\"async\" class=\"swiper-slide-image\" src=\"https:\/\/santakoblues.com\/fest\/wp-content\/uploads\/2025\/01\/466795480_9166796146665450_9132549719844102837_n-768x513.jpg\" alt=\"Santako Blues\" \/><\/figure><\/div><div class=\"swiper-slide\" role=\"group\" aria-roledescription=\"slide\" aria-label=\"13 de 14\"><figure class=\"swiper-slide-inner\"><img decoding=\"async\" class=\"swiper-slide-image\" src=\"https:\/\/santakoblues.com\/fest\/wp-content\/uploads\/2025\/01\/466733455_9166796396665425_2295525740665038671_n-768x513.jpg\" alt=\"Santako Blues\" \/><\/figure><\/div><div class=\"swiper-slide\" role=\"group\" aria-roledescription=\"slide\" aria-label=\"14 de 14\"><figure class=\"swiper-slide-inner\"><img decoding=\"async\" class=\"swiper-slide-image\" src=\"https:\/\/santakoblues.com\/fest\/wp-content\/uploads\/2025\/01\/429880095_382764614508352_3317254250609153327_n-768x512.jpg\" alt=\"Santako Blues\" \/><\/figure><\/div>\t\t\t<\/div>\n\t\t\t\t\t\t\t\t\t\t\t\t<div class=\"elementor-swiper-button elementor-swiper-button-prev\" role=\"button\" tabindex=\"0\">\n\t\t\t\t\t\t<i aria-hidden=\"true\" class=\"eicon-chevron-left\"><\/i>\t\t\t\t\t<\/div>\n\t\t\t\t\t<div class=\"elementor-swiper-button elementor-swiper-button-next\" role=\"button\" tabindex=\"0\">\n\t\t\t\t\t\t<i aria-hidden=\"true\" class=\"eicon-chevron-right\"><\/i>\t\t\t\t\t<\/div>\n\t\t\t\t\n\t\t\t\t\t\t\t\t\t<div class=\"swiper-pagination\"><\/div>\n\t\t\t\t\t\t\t\t\t<\/div>\n\t\t\t\t\t\t<\/div>\n\t\t\t\t<\/div>\n\t\t\t\t\t<\/div>\n\t\t<\/div>\n\t\t\t\t<div class=\"elementor-column elementor-col-50 elementor-top-column elementor-element elementor-element-7f512281 sc-mobile_inner_width_none sc_content_align_inherit sc_layouts_column_icons_position_left sc_fly_static\" data-id=\"7f512281\" data-element_type=\"column\" data-e-type=\"column\">\n\t\t\t<div class=\"elementor-widget-wrap elementor-element-populated\">\n\t\t\t\t\t\t<div class=\"elementor-element elementor-element-402d142e sc_fly_static elementor-widget elementor-widget-text-editor\" data-id=\"402d142e\" data-element_type=\"widget\" data-e-type=\"widget\" data-widget_type=\"text-editor.default\">\n\t\t\t\t<div class=\"elementor-widget-container\">\n\t\t\t\t\t\t\t\t\t<p class=\"p1\">SANTAKO BLUES es una asociaci\u00f3n que form\u00f3 un grupo de amigos de Santa Coloma de Gramenet, all\u00e1 por el a\u00f1o 2011, movidos por su afici\u00f3n a la m\u00fasica afroamericana y especialmente por la considerada origen de todas sus variantes y que no es otra que el BLUES.<\/p><p>El objetivo de SANTAKO BLUES es difundir y divulgar la m\u00fasica de blues en un sentido amplio pero sin olvidar su historia y desarrollo que, pr\u00e1cticamente, coincide con el per\u00edodo de tiempo en que se dispone de m\u00fasica grabada. Con motivo de llevar ese objetivo adelante, hemos contado con la colaboraci\u00f3n del Ayuntamiento de Santa Coloma de Gramenet -sin ella no habr\u00eda sido posible- y de algunos patrocinadores que se han esforzado mucho para que nuestros prop\u00f3sitos llegasen a buen fin.<\/p>\t\t\t\t\t\t\t\t<\/div>\n\t\t\t\t<\/div>\n\t\t\t\t\t<\/div>\n\t\t<\/div>\n\t\t\t\t\t<\/div>\n\t\t<\/section>\n\t\t\t\t<section class=\"elementor-section elementor-top-section elementor-element elementor-element-76ad26a scheme_light elementor-section-boxed elementor-section-height-default elementor-section-height-default sc_fly_static\" data-id=\"76ad26a\" data-element_type=\"section\" data-e-type=\"section\" data-settings=\"{&quot;background_background&quot;:&quot;classic&quot;}\">\n\t\t\t\t\t\t<div class=\"elementor-container elementor-column-gap-extended\">\n\t\t\t\t\t<div class=\"elementor-column elementor-col-50 elementor-top-column elementor-element elementor-element-61cec5a sc_content_align_inherit sc_layouts_column_icons_position_left sc_fly_static\" data-id=\"61cec5a\" data-element_type=\"column\" data-e-type=\"column\">\n\t\t\t<div class=\"elementor-widget-wrap elementor-element-populated\">\n\t\t\t\t\t\t<div class=\"elementor-element elementor-element-d270892 sc_height_tiny sc_fly_static elementor-widget elementor-widget-spacer\" data-id=\"d270892\" data-element_type=\"widget\" data-e-type=\"widget\" data-widget_type=\"spacer.default\">\n\t\t\t\t<div class=\"elementor-widget-container\">\n\t\t\t\t\t\t\t<div class=\"elementor-spacer\">\n\t\t\t<div class=\"elementor-spacer-inner\"><\/div>\n\t\t<\/div>\n\t\t\t\t\t\t<\/div>\n\t\t\t\t<\/div>\n\t\t\t\t<div class=\"elementor-element elementor-element-b5111e4 sc_fly_static elementor-widget elementor-widget-text-editor\" data-id=\"b5111e4\" data-element_type=\"widget\" data-e-type=\"widget\" data-widget_type=\"text-editor.default\">\n\t\t\t\t<div class=\"elementor-widget-container\">\n\t\t\t\t\t\t\t\t\t<p class=\"p1\">De esta manera y con estos apoyos, SANTAKO BLUES consigui\u00f3, en el a\u00f1o 2014, organizar el \u201cI Festival de Blues de Santa Coloma de Gramenet\u201d en el \u201dAuditori de Can Roig i Torres\u201d con diversas actividades complementarias en otros escenarios.<\/p><p>En los siguientes a\u00f1os, estas actividades se han diversificado ofreciendo conciertos en bares de Santa Coloma y diferentes actividades culturales como son conferencias acerca del BLUES y, parafraseando a LeRoi Jones, del Pueblo del Blues.<\/p>\t\t\t\t\t\t\t\t<\/div>\n\t\t\t\t<\/div>\n\t\t\t\t<div class=\"elementor-element elementor-element-d13aeaa sc_height_tiny sc_fly_static elementor-widget elementor-widget-spacer\" data-id=\"d13aeaa\" data-element_type=\"widget\" data-e-type=\"widget\" data-widget_type=\"spacer.default\">\n\t\t\t\t<div class=\"elementor-widget-container\">\n\t\t\t\t\t\t\t<div class=\"elementor-spacer\">\n\t\t\t<div class=\"elementor-spacer-inner\"><\/div>\n\t\t<\/div>\n\t\t\t\t\t\t<\/div>\n\t\t\t\t<\/div>\n\t\t\t\t\t<\/div>\n\t\t<\/div>\n\t\t\t\t<div class=\"elementor-column elementor-col-50 elementor-top-column elementor-element elementor-element-1b6b053 sc_content_align_inherit sc_layouts_column_icons_position_left sc_fly_static\" data-id=\"1b6b053\" data-element_type=\"column\" data-e-type=\"column\">\n\t\t\t<div class=\"elementor-widget-wrap elementor-element-populated\">\n\t\t\t\t\t\t<div class=\"elementor-element elementor-element-5206f15 sc_height_tiny sc_fly_static elementor-widget elementor-widget-spacer\" data-id=\"5206f15\" data-element_type=\"widget\" data-e-type=\"widget\" data-widget_type=\"spacer.default\">\n\t\t\t\t<div class=\"elementor-widget-container\">\n\t\t\t\t\t\t\t<div class=\"elementor-spacer\">\n\t\t\t<div class=\"elementor-spacer-inner\"><\/div>\n\t\t<\/div>\n\t\t\t\t\t\t<\/div>\n\t\t\t\t<\/div>\n\t\t\t\t<div class=\"elementor-element elementor-element-5990a82 sc_fly_static elementor-widget elementor-widget-text-editor\" data-id=\"5990a82\" data-element_type=\"widget\" data-e-type=\"widget\" data-widget_type=\"text-editor.default\">\n\t\t\t\t<div class=\"elementor-widget-container\">\n\t\t\t\t\t\t\t\t\t<p class=\"p1\">De manera paralela, se organizan otros eventos tales como<span class=\"Apple-converted-space\">\u00a0 <\/span>\u201cFiradisc\u201d (una peque\u00f1a feria de discos de coleccionistas), \u201dBaile de Swing\u201d en la pla\u00e7a de l\u2019Ajuntament, desfile de una<span class=\"Apple-converted-space\">\u00a0 <\/span>\u201cMarching Band\u201d por los mercados y calles del municipio, exposiciones fotogr\u00e1ficas, charlas acerca del BLUES, etc.<\/p>\t\t\t\t\t\t\t\t<\/div>\n\t\t\t\t<\/div>\n\t\t\t\t<div class=\"elementor-element elementor-element-4b44f6f sc_height_small sc_fly_static elementor-widget elementor-widget-spacer\" data-id=\"4b44f6f\" data-element_type=\"widget\" data-e-type=\"widget\" data-widget_type=\"spacer.default\">\n\t\t\t\t<div class=\"elementor-widget-container\">\n\t\t\t\t\t\t\t<div class=\"elementor-spacer\">\n\t\t\t<div class=\"elementor-spacer-inner\"><\/div>\n\t\t<\/div>\n\t\t\t\t\t\t<\/div>\n\t\t\t\t<\/div>\n\t\t\t\t\t<\/div>\n\t\t<\/div>\n\t\t\t\t\t<\/div>\n\t\t<\/section>\n\t\t\t\t<section class=\"elementor-section elementor-top-section elementor-element elementor-element-9d7796f elementor-section-boxed elementor-section-height-default elementor-section-height-default sc_fly_static\" data-id=\"9d7796f\" data-element_type=\"section\" data-e-type=\"section\">\n\t\t\t\t\t\t<div class=\"elementor-container elementor-column-gap-extended\">\n\t\t\t\t\t<div class=\"elementor-column elementor-col-100 elementor-top-column elementor-element elementor-element-c18a888 sc_content_align_inherit sc_layouts_column_icons_position_left sc_fly_static\" data-id=\"c18a888\" data-element_type=\"column\" data-e-type=\"column\">\n\t\t\t<div class=\"elementor-widget-wrap elementor-element-populated\">\n\t\t\t\t\t\t<div class=\"elementor-element elementor-element-e6aa22d sc_fly_static elementor-widget elementor-widget-heading\" data-id=\"e6aa22d\" data-element_type=\"widget\" data-e-type=\"widget\" data-widget_type=\"heading.default\">\n\t\t\t\t<div class=\"elementor-widget-container\">\n\t\t\t\t\t<h2 class=\"elementor-heading-title elementor-size-default\">Un Festival con Historia<\/h2>\t\t\t\t<\/div>\n\t\t\t\t<\/div>\n\t\t\t\t<div class=\"elementor-element elementor-element-59b6f35 sc_fly_static elementor-widget elementor-widget-text-editor\" data-id=\"59b6f35\" data-element_type=\"widget\" data-e-type=\"widget\" data-widget_type=\"text-editor.default\">\n\t\t\t\t<div class=\"elementor-widget-container\">\n\t\t\t\t\t\t\t\t\t<p class=\"p1\"><span class=\"s1\"><br \/><\/span>A partir de 2018, con motivo del \u201cV Festival de Blues de Santa Coloma de Gramanet\u201d, el Festival cambi\u00f3 su ubicaci\u00f3n principal del \u201dAuditori de Can Roig i Torres\u201d a un espacio con m\u00e1s aforo como es el \u201cTeatre Sagarra\u201d, duplicando el n\u00famero de localidades.<br \/><br \/>A lo largo de estos a\u00f1os, la evoluci\u00f3n del Festival nos ha llevado a poder ofrecer sesiones de artistas for\u00e1neos, a pesar de haber tenido que lidiar con la pandemia de 2020 y sus devastadoras consecuencias para la salud y la econom\u00eda. As\u00ed, hemos consolidado la programaci\u00f3n de nuestro Festival anual con artistas representativos del g\u00e9nero que son referentes en Catalu\u00f1a, Espa\u00f1a e incluso en USA. El mes de febrero, pues, ha devenido en un per\u00edodo important\u00edsimo para la agenda cultural colomense y cita imprescindible para aquellos amantes de la m\u00fasica negro americana y, en concreto, del BLUES.<br \/><br \/>Destacaremos que, al proyecto inicial de SANTAKO BLUES de visibilizar y divulgar el BLUES en nuestra ciudad i m\u00e1s all\u00e1 (mediante las redes sociales), se han unido diferentes entidades hasta conformar diez d\u00edas de actividades con una programaci\u00f3n variada y atrayente.<br \/><br \/>Finalmente, cabe mencionar a los asistentes que adem\u00e1s de tener la oportunidad de sumergirse en la cultura del BLUES en un ambiente acogedor y visitar una biblioteca con exposici\u00f3n fotogr\u00e1fica, tambi\u00e9n es posible visitar \u201cLA CIBA\u201d -centro de recursos para mujeres y espacio feminista- donde, eventualmente, se celebran conciertos liderados por mujeres que fomentan el papel de la mujer en el blues.<\/p><p class=\"p2\"><strong>\u00a1Bienvenidos al Festival de Blues de Santa Coloma 2025!<\/strong><\/p>\t\t\t\t\t\t\t\t<\/div>\n\t\t\t\t<\/div>\n\t\t\t\t\t<\/div>\n\t\t<\/div>\n\t\t\t\t\t<\/div>\n\t\t<\/section>\n\t\t\t\t<\/div>\n\t\t","protected":false},"excerpt":{"rendered":"<p>SANTAKO BLUES es una asociaci\u00f3n que form\u00f3 un grupo de amigos de Santa Coloma de Gramenet, all\u00e1 por el a\u00f1o 2011, movidos por su afici\u00f3n a la m\u00fasica afroamericana y&hellip;<\/p>\n","protected":false},"author":1,"featured_media":0,"parent":0,"menu_order":0,"comment_status":"closed","ping_status":"closed","template":"","meta":{"_seopress_robots_primary_cat":"","_seopress_titles_title":"","_seopress_titles_desc":"","_seopress_robots_index":"","footnotes":""},"class_list":["post-44879","page","type-page","status-publish","hentry"],"_links":{"self":[{"href":"https:\/\/santakoblues.com\/fest\/wp-json\/wp\/v2\/pages\/44879","targetHints":{"allow":["GET"]}}],"collection":[{"href":"https:\/\/santakoblues.com\/fest\/wp-json\/wp\/v2\/pages"}],"about":[{"href":"https:\/\/santakoblues.com\/fest\/wp-json\/wp\/v2\/types\/page"}],"author":[{"embeddable":true,"href":"https:\/\/santakoblues.com\/fest\/wp-json\/wp\/v2\/users\/1"}],"replies":[{"embeddable":true,"href":"https:\/\/santakoblues.com\/fest\/wp-json\/wp\/v2\/comments?post=44879"}],"version-history":[{"count":41,"href":"https:\/\/santakoblues.com\/fest\/wp-json\/wp\/v2\/pages\/44879\/revisions"}],"predecessor-version":[{"id":62752,"href":"https:\/\/santakoblues.com\/fest\/wp-json\/wp\/v2\/pages\/44879\/revisions\/62752"}],"wp:attachment":[{"href":"https:\/\/santakoblues.com\/fest\/wp-json\/wp\/v2\/media?parent=44879"}],"curies":[{"name":"wp","href":"https:\/\/api.w.org\/{rel}","templated":true}]}}