{"id":12954,"date":"2020-08-27T08:23:10","date_gmt":"2020-08-27T08:23:10","guid":{"rendered":"https:\/\/santakoblues.com\/fest\/?page_id=12954"},"modified":"2025-07-22T12:36:26","modified_gmt":"2025-07-22T12:36:26","slug":"politica-de-proteccion-de-datos","status":"publish","type":"page","link":"https:\/\/santakoblues.com\/fest\/politica-de-proteccion-de-datos\/","title":{"rendered":"Pol\u00edtica de Protecci\u00f3n de Datos"},"content":{"rendered":"\t\t<div data-elementor-type=\"wp-page\" data-elementor-id=\"12954\" class=\"elementor elementor-12954\">\n\t\t\t\t\t\t<section class=\"elementor-section elementor-top-section elementor-element elementor-element-51c6567e elementor-section-boxed elementor-section-height-default elementor-section-height-default sc_fly_static\" data-id=\"51c6567e\" data-element_type=\"section\" data-e-type=\"section\" data-settings=\"{&quot;background_background&quot;:&quot;classic&quot;}\">\n\t\t\t\t\t\t<div class=\"elementor-container elementor-column-gap-extended\">\n\t\t\t\t\t<div class=\"elementor-column elementor-col-100 elementor-top-column elementor-element elementor-element-37cd5a2 sc_content_align_inherit sc_layouts_column_icons_position_left sc_fly_static\" data-id=\"37cd5a2\" data-element_type=\"column\" data-e-type=\"column\">\n\t\t\t<div class=\"elementor-widget-wrap elementor-element-populated\">\n\t\t\t\t\t\t<div class=\"elementor-element elementor-element-9bc1893 sc_fly_static elementor-widget elementor-widget-text-editor\" data-id=\"9bc1893\" data-element_type=\"widget\" data-e-type=\"widget\" data-widget_type=\"text-editor.default\">\n\t\t\t\t<div class=\"elementor-widget-container\">\n\t\t\t\t\t\t\t\t\t<p>Responsable: ASSOCIACI\u00d3 SANTAKO IN BLUES<\/p><p>Contacto DPO: Puedes contactar con la persona delegada de protecci\u00f3n de datos en el correo-e: info@santakoblues.com<\/p><p>Finalidad: Gesti\u00f3n administrativa y organizativa de las personas socias y env\u00edo de informaci\u00f3n relacionada con la actividad de la entidad.<\/p><p>Legitimaci\u00f3n: Consentimiento de la persona interesada, al marcar la casilla de aceptaci\u00f3n de la Pol\u00edtica de protecci\u00f3n de datos y el Aviso legal.<\/p><p>Cesi\u00f3n a terceros: No se ceder\u00e1n datos a terceros, excepto por obligaci\u00f3n legal.<br \/>Derechos: Acceder, rectificar y suprimir los datos, as\u00ed como otros derechos que se explican en la informaci\u00f3n adicional.<\/p><p>Informaci\u00f3n adicional: Puedes consultar la informaci\u00f3n adicional y detallada sobre Protecci\u00f3n de datos en la p\u00e1gina web de ASSOCIACI\u00d3 SANTAKO IN BLUES: santakoblues.com<\/p><p>POL\u00cdTICA DE PROTECCI\u00d3N DE DATOS<\/p><p>Introducci\u00f3n<br \/>En esta pol\u00edtica de protecci\u00f3n de datos te explicamos c\u00f3mo recopilamos, utilizamos, compartimos y protegemos tu informaci\u00f3n de car\u00e1cter personal.<br \/>El principal objetivo de nuestra pol\u00edtica de protecci\u00f3n de datos es garantizar el total cumplimiento de la normativa vigente en materia de protecci\u00f3n de datos y privacidad, as\u00ed como la seguridad en el tratamiento de tus datos personales.<br \/>Responsable del tratamiento<br \/>El Responsable del tratamiento es ASSOCIACI\u00d3 SANTAKO IN BLUES, con domicilio en Santa Coloma de Gramenet, en la calle N\u00e1poles, n\u00fam 70, con CIF n\u00fam.G-65499519 y correo electr\u00f3nico info@santakoblues.com.<\/p><p>Finalidad del tratamiento<br \/>Los datos personales facilitados por las personas vinculadas a ASSOCIACI\u00d3 SANTAKO IN BLUES ser\u00e1n tratados con la finalidad de realizar la gesti\u00f3n administrativa y organizativa, gestionar tanto las solicitudes como el env\u00edo de informaci\u00f3n relacionada con la actividad de la entidad, y cumplir con otras obligaciones legales a las que est\u00e9 sujeta ASSOCIACI\u00d3 SANTAKO IN BLUES.<br \/>Los datos personales facilitados por las personas usuarias del sitio web titularidad de ASSOCIACI\u00d3 SANTAKO IN BLUES ser\u00e1n tratados con la finalidad de realizar la gesti\u00f3n administrativa y de publicaci\u00f3n de contenidos en el sitio web, el env\u00edo de comunicaciones relacionadas con las campa\u00f1as espec\u00edficas correspondientes, el env\u00edo de informaci\u00f3n relacionada con la actividad de la entidad y cumplir con otras obligaciones legales a las que est\u00e9 sujeta ASSOCIACI\u00d3 SANTAKO IN BLUES.<br \/>En ning\u00fan caso se tomar\u00e1n decisiones automatizadas, incluida la elaboraci\u00f3n de perfiles.<br \/>Los datos personales proporcionados a ASSOCIACI\u00d3 SANTAKO IN BLUES se conservar\u00e1n mientras la persona interesada no solicite su supresi\u00f3n. Una vez finalice la vinculaci\u00f3n de la persona interesada con ASSOCIACI\u00d3 SANTAKO IN BLUES, los datos podr\u00e1n conservarse (bloqueados) durante el tiempo establecido por la legislaci\u00f3n aplicable en cada caso. En todo caso, solo ser\u00e1n almacenados durante el tiempo necesario para dar cumplimiento a las posibles obligaciones legales.<\/p><ul><li>Legitimaci\u00f3n<br \/>La base legal fundamental que permite a ASSOCIACI\u00d3 SANTAKO IN BLUES el tratamiento de los datos de las personas vinculadas a la entidad es el consentimiento de la persona interesada expresado libremente en la pol\u00edtica de protecci\u00f3n de datos de forma expresa en el correspondiente formulario electr\u00f3nico.<br \/>En algunas ocasiones, el tratamiento que lleva a cabo ASSOCIACI\u00d3 SANTAKO IN BLUES se fundamenta en su inter\u00e9s leg\u00edtimo, como puede ser la promoci\u00f3n de su actividad, siempre que no prevalezcan los derechos y libertades fundamentales de las personas interesadas.<br \/>Los contratos o convenios de colaboraci\u00f3n suscritos por ASSOCIACI\u00d3 SANTAKO IN BLUES legitiman el tratamiento de los datos de las partes.<br \/>Por \u00faltimo, ASSOCIACI\u00d3 SANTAKO IN BLUES est\u00e1 legitimada para el tratamiento de aquellos datos necesarios para el cumplimiento de las obligaciones legales a las que est\u00e1 sujeta, entre otras: Ley Org\u00e1nica 1\/2002, de 22 de marzo, reguladora del Derecho de Asociaci\u00f3n, Ley 4\/2008, de 24 de abril, del libro tercero del C\u00f3digo Civil de Catalu\u00f1a, relativo a las personas jur\u00eddicas, Ley 10\/2010, de 28 de abril, de prevenci\u00f3n del blanqueo de capitales y de la financiaci\u00f3n del terrorismo, Ley 58\/2003, de 17 de diciembre, General Tributaria.<br \/>Cesi\u00f3n de datos a terceros<br \/>Los datos de las personas vinculadas a ASSOCIACI\u00d3 SANTAKO IN BLUES podr\u00e1n ser comunicados leg\u00edtimamente a:<\/li><li>Las autoridades competentes para el cumplimiento de obligaciones legales: la Administraci\u00f3n Tributaria, juzgados y tribunales, y otras administraciones p\u00fablicas con competencia en la materia.<\/li><li>No se realizan transferencias de datos a pa\u00edses terceros o a organizaciones internacionales.<br \/>Derechos de las personas interesadas<br \/>A continuaci\u00f3n, se enumeran los derechos en materia de protecci\u00f3n de datos que tienen las personas interesadas:<\/li><li>Derecho de acceso: solicitar una copia de sus datos personales que ASSOCIACI\u00d3 SANTAKO IN BLUES tiene almacenados.<\/li><li>Derecho de rectificaci\u00f3n o supresi\u00f3n: solicitar la rectificaci\u00f3n de los datos inexactos, pedir su actualizaci\u00f3n o su eliminaci\u00f3n.<\/li><li>Derecho de limitaci\u00f3n: solicitar la limitaci\u00f3n del tratamiento de los datos personales, en este caso se conservar\u00e1n \u00fanicamente para el ejercicio o defensa de reclamaciones.<\/li><li>Derecho de oposici\u00f3n al tratamiento: solicitar que ASSOCIACI\u00d3 SANTAKO IN BLUES deje de tratar los datos, en la forma que lo indique, salvo por motivos leg\u00edtimos, imperiosos o en motivo del ejercicio o defensa de posibles reclamaciones que requieran su tratamiento.<\/li><li>Derecho a la portabilidad: solicitar que sus datos sean tratados por otro responsable, en este caso, ASSOCIACI\u00d3 SANTAKO IN BLUES facilitar\u00e1 su portabilidad.<\/li><\/ul><p>La persona interesada podr\u00e1, en cualquier momento, retirar su consentimiento para el tratamiento espec\u00edfico de sus datos de car\u00e1cter personal. Esto, sin embargo, no afectar\u00e1 a la licitud del tratamiento basado en el consentimiento anterior a su retirada.<\/p><p>La persona interesada podr\u00e1 ejercer estos derechos mediante el correo electr\u00f3nico info@santakoblues.com. La solicitud deber\u00e1 realizarse por escrito y se deber\u00e1 acreditar la identidad de la persona interesada, adjuntando una fotocopia del DNI, al tratarse de un derecho personal\u00edsimo.<br \/>Asimismo, las personas interesadas podr\u00e1n acudir a la Agencia Espa\u00f1ola de Protecci\u00f3n de Datos para reclamar el ejercicio de sus derechos o cualquier otra cuesti\u00f3n relacionada con el cumplimiento de la normativa de protecci\u00f3n de datos (m\u00e1s informaci\u00f3n en www.agpd.es ).<br \/>Procedencia<br \/>Los datos personales que trata <b>ASSOCIACI\u00d3 SANTAKO IN BLUES<\/b> son comunicados voluntariamente por las personas interesadas en el momento de:<br \/>\u2022 Aceptar la pol\u00edtica de protecci\u00f3n de datos de forma expresa al completar un formulario electr\u00f3nico de solicitud de informaci\u00f3n, de participaci\u00f3n en una campa\u00f1a o de inscripci\u00f3n a un acto o evento.<\/p>\t\t\t\t\t\t\t\t<\/div>\n\t\t\t\t<\/div>\n\t\t\t\t\t<\/div>\n\t\t<\/div>\n\t\t\t\t\t<\/div>\n\t\t<\/section>\n\t\t\t\t<\/div>\n\t\t","protected":false},"excerpt":{"rendered":"<p>Responsable: ASSOCIACI\u00d3 SANTAKO IN BLUES Contacto DPO: Puedes contactar con la persona delegada de protecci\u00f3n de datos en el correo-e: info@santakoblues.com Finalidad: Gesti\u00f3n administrativa y organizativa de las personas socias&hellip;<\/p>\n","protected":false},"author":1,"featured_media":0,"parent":0,"menu_order":0,"comment_status":"closed","ping_status":"closed","template":"","meta":{"_seopress_robots_primary_cat":"","_seopress_titles_title":"","_seopress_titles_desc":"","_seopress_robots_index":"","footnotes":""},"class_list":["post-12954","page","type-page","status-publish","hentry"],"_links":{"self":[{"href":"https:\/\/santakoblues.com\/fest\/wp-json\/wp\/v2\/pages\/12954","targetHints":{"allow":["GET"]}}],"collection":[{"href":"https:\/\/santakoblues.com\/fest\/wp-json\/wp\/v2\/pages"}],"about":[{"href":"https:\/\/santakoblues.com\/fest\/wp-json\/wp\/v2\/types\/page"}],"author":[{"embeddable":true,"href":"https:\/\/santakoblues.com\/fest\/wp-json\/wp\/v2\/users\/1"}],"replies":[{"embeddable":true,"href":"https:\/\/santakoblues.com\/fest\/wp-json\/wp\/v2\/comments?post=12954"}],"version-history":[{"count":10,"href":"https:\/\/santakoblues.com\/fest\/wp-json\/wp\/v2\/pages\/12954\/revisions"}],"predecessor-version":[{"id":62391,"href":"https:\/\/santakoblues.com\/fest\/wp-json\/wp\/v2\/pages\/12954\/revisions\/62391"}],"wp:attachment":[{"href":"https:\/\/santakoblues.com\/fest\/wp-json\/wp\/v2\/media?parent=12954"}],"curies":[{"name":"wp","href":"https:\/\/api.w.org\/{rel}","templated":true}]}}